{"id":298,"date":"2023-07-26T23:40:00","date_gmt":"2023-07-27T02:40:00","guid":{"rendered":"https:\/\/mendoconstrugroup.com\/?page_id=298"},"modified":"2023-08-29T12:31:02","modified_gmt":"2023-08-29T15:31:02","slug":"quienes-somos","status":"publish","type":"page","link":"https:\/\/mendoconstrugroup.com\/index.php\/quienes-somos\/","title":{"rendered":"\u00bfQUI\u00c9NES SOMOS?"},"content":{"rendered":"<h2>\u00bfQui\u00e9nes somos?<\/h2>\n<p>Somos una empresa constructora joven, ubicada en la Provincia de Mendoza y trabajando <br \/>desde el 2020, que ofrece proyectos \u00fanicos y a la medida de cada cliente. Brindamos un servicio <br \/>integral de construcci\u00f3n y nos encargamos de todos los procesos para que puedas tener tu casa.<\/p>\n<h2>Calidad<\/h2>\n<h2>Nuestra forma de trabajo<\/h2>\n<p>.Trabajamos con m\u00e1s de 5 empresas constructoras<br \/>.Nos encargamos de obras p\u00fablicas y privadas.<br \/>Nuestra empresa ya cuenta con 54 casas en el sistema p\u00fablico, trabajando para el IPV.<br \/>.Trabajamos con todo tipo de materiales para la construcci\u00f3n h\u00fameda y construcci\u00f3n en seco.<br \/>.Nos especializamos en la construcci\u00f3n de casa empleando el modernos sistema de <em>Drywall, Steel <\/em><br \/><em>Framing<\/em> y todo tipo de construcci\u00f3n. <br \/>.Contamos con la capacidad para desarrollar proyectos de todo tipo, adaptando las propuestas <br \/>profesionales a las necesidades y gustos de nuestros clientes.<\/p>\n<p>\u00a0<\/p>\n<p>\t\t\t<a href=\"https:\/\/mendoconstrugroup.com\/index.php\/contacto\/\"><br \/>\n\t\t\t\t\t\tCont\u00e1ctanos<br \/>\n\t\t\t\t\t<\/a><br \/>\n\t\t\t\t\t\t\t\t\t\t\t\t\t\t\t<img decoding=\"async\" src=\"http:\/\/mendoconstrugroup.com\/wp-content\/uploads\/elementor\/thumbs\/WhatsApp-Image-2023-07-13-at-13.47.17-q9ytf9ixizqdltbvzuv3fhvurdqi761uvmg4fhjexw.jpeg\" title=\"WhatsApp Image 2023-07-13 at 13.47.17\" alt=\"WhatsApp Image 2023-07-13 at 13.47.17\" loading=\"lazy\" \/><br \/>\n\t\t\t\t\t\t\t\t\t\t\t\t\t\t\t<img decoding=\"async\" src=\"http:\/\/mendoconstrugroup.com\/wp-content\/uploads\/elementor\/thumbs\/pexels-ksenia-chernaya-5691622-qa0g24p3c3ca0mibur4j3ruzg6bled1y4p2qm0h27k.jpg\" title=\"pexels-ksenia-chernaya-5691622\" alt=\"pexels-ksenia-chernaya-5691622\" loading=\"lazy\" \/><br \/>\n\t\t\t\t\t\t\t\t\t\t\t\t\t\t\t<img decoding=\"async\" width=\"300\" height=\"133\" src=\"http:\/\/mendoconstrugroup.com\/wp-content\/uploads\/2023\/08\/Casas-steel-framing-en-argentina-300x133.jpg\" alt=\"\" loading=\"lazy\" srcset=\"https:\/\/mendoconstrugroup.com\/wp-content\/uploads\/2023\/08\/Casas-steel-framing-en-argentina-300x133.jpg 300w, https:\/\/mendoconstrugroup.com\/wp-content\/uploads\/2023\/08\/Casas-steel-framing-en-argentina-768x341.jpg 768w, https:\/\/mendoconstrugroup.com\/wp-content\/uploads\/2023\/08\/Casas-steel-framing-en-argentina.jpg 900w\" sizes=\"auto, (max-width: 300px) 100vw, 300px\" \/><br \/>\n\t\t\t\t\t\t\t\t\t\t\t\t\t\t\t<img decoding=\"async\" src=\"http:\/\/mendoconstrugroup.com\/wp-content\/uploads\/elementor\/thumbs\/WhatsApp-Image-2023-07-13-at-13.47.39-qbaq12dmn6iioi8misbeuczxn8q1judo7t5bkuaw6c.jpeg\" title=\"WhatsApp Image 2023-07-13 at 13.47.39\" alt=\"WhatsApp Image 2023-07-13 at 13.47.39\" loading=\"lazy\" \/><br \/>\n\t\t\t\t\t\t\t\t\t\t\t\t\t\t\t<img decoding=\"async\" src=\"http:\/\/mendoconstrugroup.com\/wp-content\/uploads\/elementor\/thumbs\/675e04_0f397ea691c34d1190e523647ee3258dmv2-qbmr4p7h7wa0lpum5thflt9yy0bghh3iwhnvch61dc.webp\" title=\"675e04_0f397ea691c34d1190e523647ee3258d~mv2\" alt=\"675e04_0f397ea691c34d1190e523647ee3258d~mv2\" loading=\"lazy\" \/>\t\t\t\t\t\t\t\t\t\t\t\t\t\t\t<\/p>\n<h2 id=\"elementor-tab-title-2661\" data-tab=\"1\" role=\"button\" aria-controls=\"elementor-tab-content-2661\" aria-expanded=\"false\">\n\t\t\t\t\t\t\t\t\t\t\t\t<a tabindex=\"0\">Calidad<\/a><br \/>\n\t\t\t\t\t<\/h2>\n<p>.Utilizamos marcas de vanguardia, Durlock, Barbieri, entre otros.<br \/>.La empresa trabaja bajo la premisa de desarrollar obras que se destacaran por un proceso constructivo eficiente y terminado de excelencia<\/p>\n<h2 id=\"elementor-tab-title-2662\" data-tab=\"2\" role=\"button\" aria-controls=\"elementor-tab-content-2662\" aria-expanded=\"false\">\n\t\t\t\t\t\t\t\t\t\t\t\t<a tabindex=\"0\"> Facilidad para remodelar:<\/a><br \/>\n\t\t\t\t\t<\/h2>\n<p>Las remodelaciones en Steel Framing son simples, r\u00e1pidos y limpios.<\/p>\n<h2 id=\"elementor-tab-title-2663\" data-tab=\"3\" role=\"button\" aria-controls=\"elementor-tab-content-2663\" aria-expanded=\"false\">\n\t\t\t\t\t\t\t\t\t\t\t\t<a tabindex=\"0\">Bienestar Ac\u00fastico<\/a><br \/>\n\t\t\t\t\t<\/h2>\n<p>.Estos sistemas de construcci\u00f3n en seco logran aislamiento y confort ac\u00fastico gracias a ser un sistema de capas. Puede alcanzar m\u00e1s de 70% de aislamiento ac\u00fastico que uno de ladrillo<br \/>.Las placas que se utilizan en la construcci\u00f3n respetan el bienestar ac\u00fastico entre <br \/>habitaciones<\/p>\n<h2 id=\"elementor-tab-title-2664\" data-tab=\"4\" role=\"button\" aria-controls=\"elementor-tab-content-2664\" aria-expanded=\"false\">\n\t\t\t\t\t\t\t\t\t\t\t\t<a tabindex=\"0\">Tiempos <\/a><br \/>\n\t\t\t\t\t<\/h2>\n<p>.La estructura se logra mediante el ensamble de materiales met\u00e1licos, que permiten agilizar los tiempos de finalizaci\u00f3n de obra.<br \/>.Permite la optimizaci\u00f3n de materiales, la reducci\u00f3n de costos y tiempo de espera.<\/p>\n<h2 id=\"elementor-tab-title-2665\" data-tab=\"5\" role=\"button\" aria-controls=\"elementor-tab-content-2665\" aria-expanded=\"false\">\n\t\t\t\t\t\t\t\t\t\t\t\t<a tabindex=\"0\"> Ahorro de energ\u00eda<\/a><br \/>\n\t\t\t\t\t<\/h2>\n<p>Ofrecemos eficiencia energ\u00e9tica con los materiales que utilizamos para ahorrar energ\u00eda.<\/p>\n<h2 id=\"elementor-tab-title-2666\" data-tab=\"6\" role=\"button\" aria-controls=\"elementor-tab-content-2666\" aria-expanded=\"false\">\n\t\t\t\t\t\t\t\t\t\t\t\t<a tabindex=\"0\"> Durabilidad <\/a><br \/>\n\t\t\t\t\t<\/h2>\n<p>Brindamos la posibilidad de obtener edificaciones con materiales que generan confort y durabilidad.<\/p>\n<h2 id=\"elementor-tab-title-2667\" data-tab=\"7\" role=\"button\" aria-controls=\"elementor-tab-content-2667\" aria-expanded=\"false\">\n\t\t\t\t\t\t\t\t\t\t\t\t<a tabindex=\"0\"> Dise\u00f1o de proyecto<\/a><br \/>\n\t\t\t\t\t<\/h2>\n<p>Elaboramos planos por nuestro grupo de profesionales de Arquitectos e Ingenieros, para confeccionar una propuesta de trabajo de acuerdo a pautas y procedimientos espec\u00edficos que necesiten.<\/p>\n<h1>Sistemas constructivos <\/h1>\n<h4>PROPANEL<\/h4>\n<p>PROPANEL sistema constructivo se basa en paneles aislados\u00a0 estructurales\u00a0 (SIP structural Insulated Panel). Son paneles de alto rendimiento utilizados en la construcci\u00f3n de pisos, paredes y techos de los edificios residenciales y comerciales. Los paneles est\u00e1n hechos intercalando un n\u00facleo de aislamiento de poliestireno expandido entre dos paramentos estructurales, tales como ta bleros de fl bras orientadas (OSB). Otros materiales de recubrimiento se pueden utilizar para fines espec\u00edficos. PROPANEL fabrica sus paneles bajo condiciones controladas y pueden ser d\u00edse\u00f1 ados a medida para cada casa. El resuItado es un sistema de construcci\u00f3n que es extremadamente resistente, econ\u00f3mico, eficiente y sustentable. Con PROPANEL sistema constructivo ahorrar\u00e1 tiempo, dinero y mano de obra.<\/p>\n<\/p>\n<h5>PROPIEDADES DEL PROPANEL<\/h5>\n<h2>Ecolog\u00eda y Resistencia <\/h2>\n<p>Es uno de los sistemas de construcci\u00f3n m\u00e1s eficientes y sustentables. Una vivienda\/ediflcio construido con el sistema constructivo PROPANEL proporciona un aislamiento continuo, es extremadamente herm\u00e9tico, permite un mejor control sobre la calidad del aire Interior, reduce los residuos de construcci\u00f3n y ayuda a ahorrar recursos naturales. An\u00e1lisis del ciclo de vida ha demostrado que los hogares construidos con el sistema PROPANEL tienen un tremendo impacto ambiental POSITIVO al reducir el uso de energ\u00eda y las emisiones de gases de efecto invernadero a lo largo del ciclo de I as viviendas.<\/p>\n<p>Las caracter\u00edsticas estructura les del sistema constructivo PROPANEL es similares a Ia de un a viga de acero. Las placas OSB act\u00faan como la estructura de la viga, mientras que el n\u00facleo de poliestireno expandido trabaja como una estructura de red. Este dise\u00f1o proporciona la ventaja de manejar cargas de compresi\u00f3n distribuidas en el plano.<\/p>\n<p>\t\t\t\t\t\t\t\t\t\t\t\t\t\t\t<img decoding=\"async\" width=\"829\" height=\"990\" src=\"http:\/\/mendoconstrugroup.com\/wp-content\/uploads\/2023\/08\/WhatsApp-Image-2023-08-29-at-12.27.19.jpeg\" alt=\"\" loading=\"lazy\" srcset=\"https:\/\/mendoconstrugroup.com\/wp-content\/uploads\/2023\/08\/WhatsApp-Image-2023-08-29-at-12.27.19.jpeg 829w, https:\/\/mendoconstrugroup.com\/wp-content\/uploads\/2023\/08\/WhatsApp-Image-2023-08-29-at-12.27.19-251x300.jpeg 251w, https:\/\/mendoconstrugroup.com\/wp-content\/uploads\/2023\/08\/WhatsApp-Image-2023-08-29-at-12.27.19-768x917.jpeg 768w\" sizes=\"auto, (max-width: 829px) 100vw, 829px\" \/><br \/>\n\t\t\t\t\t\t\t\t\t\t\t\t\t\t\t<img decoding=\"async\" width=\"829\" height=\"510\" src=\"http:\/\/mendoconstrugroup.com\/wp-content\/uploads\/2023\/08\/WhatsApp-Image-2023-08-29-at-12.27.20.jpeg\" alt=\"\" loading=\"lazy\" srcset=\"https:\/\/mendoconstrugroup.com\/wp-content\/uploads\/2023\/08\/WhatsApp-Image-2023-08-29-at-12.27.20.jpeg 829w, https:\/\/mendoconstrugroup.com\/wp-content\/uploads\/2023\/08\/WhatsApp-Image-2023-08-29-at-12.27.20-300x185.jpeg 300w, https:\/\/mendoconstrugroup.com\/wp-content\/uploads\/2023\/08\/WhatsApp-Image-2023-08-29-at-12.27.20-768x472.jpeg 768w\" sizes=\"auto, (max-width: 829px) 100vw, 829px\" \/>\t\t\t\t\t\t\t\t\t\t\t\t\t\t\t<\/p>\n<figure><img decoding=\"async\" width=\"24\" height=\"24\" src=\"http:\/\/mendoconstrugroup.com\/wp-content\/uploads\/2023\/08\/book-open.png\" alt=\"\" loading=\"lazy\" \/><\/figure>\n<h3>\u00bfC\u00f3mo funciona PROPANEL sistema constructivo con respecto al ruido?<\/h3>\n<p>Sistema constructivo es especiaImente eficaz en el bloqueo de ruidos y la mayor\u00eda de los propietarios de viviendas construidas con PROPANEL<br \/>\ndisfrutan comodidad  de un hogar construido con tales materiales.\n<\/p>\n<figure><img decoding=\"async\" width=\"24\" height=\"24\" src=\"http:\/\/mendoconstrugroup.com\/wp-content\/uploads\/2023\/08\/compass.png\" alt=\"\" loading=\"lazy\" \/><\/figure>\n<h3>\u00bfCu\u00e1nto m\u00e1s r\u00e1pido puedo construir con PROPANEL?<\/h3>\n<p>Con PROPANEL sistema constructivo Ud. tendr\u00e1 su vivienda\/construcci\u00f3n terminada en tiempos mucho menores a los utilizados en la construcci\u00f3n tradicional. Nuestro equipo de t\u00e9cnicos est\u00e1n adecuadamente entrenados y puede reducir el tiempo de manera considerable. Nuestro sistema constructivo est\u00e1 listo para ser Instalado cuando Ilega al Iugar de trabajo, lo que elimina el tiempo necesario para realizar las operaciones en el Iugar de trabajo.<\/p>\n<figure><img decoding=\"async\" width=\"24\" height=\"24\" src=\"http:\/\/mendoconstrugroup.com\/wp-content\/uploads\/2023\/08\/book.png\" alt=\"\" loading=\"lazy\" \/><\/figure>\n<h3>\u00bfCu\u00e1nto puedo ahorrar construyendo con PROPANEL?<\/h3>\n<p>Se produce un Importante ahorro en los costos de construcci\u00f3n por los tiempos de ejecuci\u00f3n de obra. Las viviendas construidas por PROPANEL poseen una eficiencia energ\u00e9tica cercana al 50 por ciento tanto en \u00e9pocas estivales como infernales.<\/p>\n<h2>Asesoramiento<\/h2>\n<p><em>\u00a0Cada nuevo proyecto es para nosotros un desaf\u00edo y ponemos en \u00e9l todo nuestro<\/em><em>esfuerzo y conocimiento, respetando altos est\u00e1ndares de ejecuci\u00f3n a lo largo de<\/em><em>todo el proyecto<\/em><\/p>\n<h4>&#8211; SOLUCIONES<\/h4>\n","protected":false},"excerpt":{"rendered":"<p>\u00bfQui\u00e9nes somos? Somos una empresa constructora joven, ubicada en la Provincia de Mendoza y trabajando desde el 2020, que ofrece proyectos \u00fanicos y a la medida de cada cliente. Brindamos un servicio integral de construcci\u00f3n y nos encargamos de todos los procesos para que puedas tener tu casa. Calidad Nuestra forma de trabajo .Trabajamos con [&hellip;]<\/p>\n","protected":false},"author":1,"featured_media":0,"parent":0,"menu_order":0,"comment_status":"closed","ping_status":"open","template":"elementor_header_footer","meta":{"_joinchat":[],"footnotes":""},"class_list":["post-298","page","type-page","status-publish","hentry"],"yoast_head":"<!-- This site is optimized with the Yoast SEO plugin v21.0 - https:\/\/yoast.com\/wordpress\/plugins\/seo\/ -->\n<title>\u00bfQUI\u00c9NES SOMOS? -<\/title>\n<meta name=\"robots\" content=\"index, follow, max-snippet:-1, max-image-preview:large, max-video-preview:-1\" \/>\n<link rel=\"canonical\" href=\"https:\/\/mendoconstrugroup.com\/index.php\/quienes-somos\/\" \/>\n<meta property=\"og:locale\" content=\"en_US\" \/>\n<meta property=\"og:type\" content=\"article\" \/>\n<meta property=\"og:title\" content=\"\u00bfQUI\u00c9NES SOMOS? -\" \/>\n<meta property=\"og:description\" content=\"\u00bfQui\u00e9nes somos? Somos una empresa constructora joven, ubicada en la Provincia de Mendoza y trabajando desde el 2020, que ofrece proyectos \u00fanicos y a la medida de cada cliente. Brindamos un servicio integral de construcci\u00f3n y nos encargamos de todos los procesos para que puedas tener tu casa. Calidad Nuestra forma de trabajo .Trabajamos con [&hellip;]\" \/>\n<meta property=\"og:url\" content=\"https:\/\/mendoconstrugroup.com\/index.php\/quienes-somos\/\" \/>\n<meta property=\"article:publisher\" content=\"https:\/\/www.facebook.com\/profile.php?id=100094421250100\" \/>\n<meta property=\"article:modified_time\" content=\"2023-08-29T15:31:02+00:00\" \/>\n<meta property=\"og:image\" content=\"http:\/\/mendoconstrugroup.com\/wp-content\/uploads\/elementor\/thumbs\/WhatsApp-Image-2023-07-13-at-13.47.17-q9ytf9ixizqdltbvzuv3fhvurdqi761uvmg4fhjexw.jpeg\" \/>\n<meta name=\"twitter:card\" content=\"summary_large_image\" \/>\n<meta name=\"twitter:label1\" content=\"Est. reading time\" \/>\n\t<meta name=\"twitter:data1\" content=\"6 minutes\" \/>\n<script type=\"application\/ld+json\" class=\"yoast-schema-graph\">{\"@context\":\"https:\/\/schema.org\",\"@graph\":[{\"@type\":\"WebPage\",\"@id\":\"https:\/\/mendoconstrugroup.com\/index.php\/quienes-somos\/\",\"url\":\"https:\/\/mendoconstrugroup.com\/index.php\/quienes-somos\/\",\"name\":\"\u00bfQUI\u00c9NES SOMOS? -\",\"isPartOf\":{\"@id\":\"https:\/\/mendoconstrugroup.com\/#website\"},\"datePublished\":\"2023-07-27T02:40:00+00:00\",\"dateModified\":\"2023-08-29T15:31:02+00:00\",\"breadcrumb\":{\"@id\":\"https:\/\/mendoconstrugroup.com\/index.php\/quienes-somos\/#breadcrumb\"},\"inLanguage\":\"en-US\",\"potentialAction\":[{\"@type\":\"ReadAction\",\"target\":[\"https:\/\/mendoconstrugroup.com\/index.php\/quienes-somos\/\"]}]},{\"@type\":\"BreadcrumbList\",\"@id\":\"https:\/\/mendoconstrugroup.com\/index.php\/quienes-somos\/#breadcrumb\",\"itemListElement\":[{\"@type\":\"ListItem\",\"position\":1,\"name\":\"Inicio\",\"item\":\"https:\/\/mendoconstrugroup.com\/\"},{\"@type\":\"ListItem\",\"position\":2,\"name\":\"\u00bfQUI\u00c9NES SOMOS?\"}]},{\"@type\":\"WebSite\",\"@id\":\"https:\/\/mendoconstrugroup.com\/#website\",\"url\":\"https:\/\/mendoconstrugroup.com\/\",\"name\":\"Mendo Construgroup\",\"description\":\"\",\"publisher\":{\"@id\":\"https:\/\/mendoconstrugroup.com\/#organization\"},\"potentialAction\":[{\"@type\":\"SearchAction\",\"target\":{\"@type\":\"EntryPoint\",\"urlTemplate\":\"https:\/\/mendoconstrugroup.com\/?s={search_term_string}\"},\"query-input\":\"required name=search_term_string\"}],\"inLanguage\":\"en-US\"},{\"@type\":\"Organization\",\"@id\":\"https:\/\/mendoconstrugroup.com\/#organization\",\"name\":\"Mendo Construgroup\",\"url\":\"https:\/\/mendoconstrugroup.com\/\",\"logo\":{\"@type\":\"ImageObject\",\"inLanguage\":\"en-US\",\"@id\":\"https:\/\/mendoconstrugroup.com\/#\/schema\/logo\/image\/\",\"url\":\"https:\/\/mendoconstrugroup.com\/wp-content\/uploads\/2023\/08\/descarga.png\",\"contentUrl\":\"https:\/\/mendoconstrugroup.com\/wp-content\/uploads\/2023\/08\/descarga.png\",\"width\":298,\"height\":169,\"caption\":\"Mendo Construgroup\"},\"image\":{\"@id\":\"https:\/\/mendoconstrugroup.com\/#\/schema\/logo\/image\/\"},\"sameAs\":[\"https:\/\/www.facebook.com\/profile.php?id=100094421250100\"]}]}<\/script>\n<!-- \/ Yoast SEO plugin. -->","yoast_head_json":{"title":"\u00bfQUI\u00c9NES SOMOS? -","robots":{"index":"index","follow":"follow","max-snippet":"max-snippet:-1","max-image-preview":"max-image-preview:large","max-video-preview":"max-video-preview:-1"},"canonical":"https:\/\/mendoconstrugroup.com\/index.php\/quienes-somos\/","og_locale":"en_US","og_type":"article","og_title":"\u00bfQUI\u00c9NES SOMOS? -","og_description":"\u00bfQui\u00e9nes somos? Somos una empresa constructora joven, ubicada en la Provincia de Mendoza y trabajando desde el 2020, que ofrece proyectos \u00fanicos y a la medida de cada cliente. Brindamos un servicio integral de construcci\u00f3n y nos encargamos de todos los procesos para que puedas tener tu casa. Calidad Nuestra forma de trabajo .Trabajamos con [&hellip;]","og_url":"https:\/\/mendoconstrugroup.com\/index.php\/quienes-somos\/","article_publisher":"https:\/\/www.facebook.com\/profile.php?id=100094421250100","article_modified_time":"2023-08-29T15:31:02+00:00","og_image":[{"url":"http:\/\/mendoconstrugroup.com\/wp-content\/uploads\/elementor\/thumbs\/WhatsApp-Image-2023-07-13-at-13.47.17-q9ytf9ixizqdltbvzuv3fhvurdqi761uvmg4fhjexw.jpeg"}],"twitter_card":"summary_large_image","twitter_misc":{"Est. reading time":"6 minutes"},"schema":{"@context":"https:\/\/schema.org","@graph":[{"@type":"WebPage","@id":"https:\/\/mendoconstrugroup.com\/index.php\/quienes-somos\/","url":"https:\/\/mendoconstrugroup.com\/index.php\/quienes-somos\/","name":"\u00bfQUI\u00c9NES SOMOS? -","isPartOf":{"@id":"https:\/\/mendoconstrugroup.com\/#website"},"datePublished":"2023-07-27T02:40:00+00:00","dateModified":"2023-08-29T15:31:02+00:00","breadcrumb":{"@id":"https:\/\/mendoconstrugroup.com\/index.php\/quienes-somos\/#breadcrumb"},"inLanguage":"en-US","potentialAction":[{"@type":"ReadAction","target":["https:\/\/mendoconstrugroup.com\/index.php\/quienes-somos\/"]}]},{"@type":"BreadcrumbList","@id":"https:\/\/mendoconstrugroup.com\/index.php\/quienes-somos\/#breadcrumb","itemListElement":[{"@type":"ListItem","position":1,"name":"Inicio","item":"https:\/\/mendoconstrugroup.com\/"},{"@type":"ListItem","position":2,"name":"\u00bfQUI\u00c9NES SOMOS?"}]},{"@type":"WebSite","@id":"https:\/\/mendoconstrugroup.com\/#website","url":"https:\/\/mendoconstrugroup.com\/","name":"Mendo Construgroup","description":"","publisher":{"@id":"https:\/\/mendoconstrugroup.com\/#organization"},"potentialAction":[{"@type":"SearchAction","target":{"@type":"EntryPoint","urlTemplate":"https:\/\/mendoconstrugroup.com\/?s={search_term_string}"},"query-input":"required name=search_term_string"}],"inLanguage":"en-US"},{"@type":"Organization","@id":"https:\/\/mendoconstrugroup.com\/#organization","name":"Mendo Construgroup","url":"https:\/\/mendoconstrugroup.com\/","logo":{"@type":"ImageObject","inLanguage":"en-US","@id":"https:\/\/mendoconstrugroup.com\/#\/schema\/logo\/image\/","url":"https:\/\/mendoconstrugroup.com\/wp-content\/uploads\/2023\/08\/descarga.png","contentUrl":"https:\/\/mendoconstrugroup.com\/wp-content\/uploads\/2023\/08\/descarga.png","width":298,"height":169,"caption":"Mendo Construgroup"},"image":{"@id":"https:\/\/mendoconstrugroup.com\/#\/schema\/logo\/image\/"},"sameAs":["https:\/\/www.facebook.com\/profile.php?id=100094421250100"]}]}},"_links":{"self":[{"href":"https:\/\/mendoconstrugroup.com\/index.php\/wp-json\/wp\/v2\/pages\/298","targetHints":{"allow":["GET"]}}],"collection":[{"href":"https:\/\/mendoconstrugroup.com\/index.php\/wp-json\/wp\/v2\/pages"}],"about":[{"href":"https:\/\/mendoconstrugroup.com\/index.php\/wp-json\/wp\/v2\/types\/page"}],"author":[{"embeddable":true,"href":"https:\/\/mendoconstrugroup.com\/index.php\/wp-json\/wp\/v2\/users\/1"}],"replies":[{"embeddable":true,"href":"https:\/\/mendoconstrugroup.com\/index.php\/wp-json\/wp\/v2\/comments?post=298"}],"version-history":[{"count":103,"href":"https:\/\/mendoconstrugroup.com\/index.php\/wp-json\/wp\/v2\/pages\/298\/revisions"}],"predecessor-version":[{"id":849,"href":"https:\/\/mendoconstrugroup.com\/index.php\/wp-json\/wp\/v2\/pages\/298\/revisions\/849"}],"wp:attachment":[{"href":"https:\/\/mendoconstrugroup.com\/index.php\/wp-json\/wp\/v2\/media?parent=298"}],"curies":[{"name":"wp","href":"https:\/\/api.w.org\/{rel}","templated":true}]}}