{"id":11,"date":"2023-07-26T01:24:26","date_gmt":"2023-07-26T04:24:26","guid":{"rendered":"https:\/\/mendoconstrugroup.com\/index.php\/colibri-wp\/"},"modified":"2023-11-28T15:05:12","modified_gmt":"2023-11-28T18:05:12","slug":"colibri-wp","status":"publish","type":"page","link":"https:\/\/mendoconstrugroup.com\/","title":{"rendered":"INICIO"},"content":{"rendered":"<div data-colibri-id=\"11-c1\" class=\"style-193 style-local-11-c1 position-relative\">\n  <!---->\n  <div data-colibri-component=\"section\" data-colibri-id=\"11-c2\" id=\"about\" class=\"h-section h-section-global-spacing d-flex align-items-lg-center align-items-md-center align-items-center style-194 style-local-11-c2 position-relative\">\n    <!---->\n    <!---->\n    <div class=\"h-section-grid-container h-section-boxed-container\">\n      <!---->\n      <div data-colibri-id=\"11-c3\" class=\"h-row-container gutters-row-lg-0 gutters-row-md-0 gutters-row-0 gutters-row-v-lg-0 gutters-row-v-md-0 gutters-row-v-0 style-195 style-local-11-c3 position-relative\">\n        <!---->\n        <div class=\"h-row justify-content-lg-center justify-content-md-center justify-content-center align-items-lg-stretch align-items-md-stretch align-items-stretch gutters-col-lg-0 gutters-col-md-0 gutters-col-0 gutters-col-v-lg-0 gutters-col-v-md-0 gutters-col-v-0\">\n          <!---->\n          <div class=\"h-column h-column-container d-flex h-col-lg-auto h-col-md-auto h-col-auto style-196-outer style-local-11-c4-outer\">\n            <div data-colibri-id=\"11-c4\" class=\"d-flex h-flex-basis h-column__inner h-px-lg-0 h-px-md-0 h-px-0 v-inner-lg-0 v-inner-md-0 v-inner-0 style-196 style-local-11-c4 position-relative\">\n              <!---->\n              <!---->\n              <div class=\"w-100 h-y-container h-column__content h-column__v-align flex-basis-100 align-self-lg-start align-self-md-start align-self-start\">\n                <!---->\n                <div data-colibri-id=\"11-c5\" class=\"h-global-transition-all h-heading style-198 style-local-11-c5 position-relative h-element\">\n                  <!---->\n                  <div class=\"h-heading__outer style-198 style-local-11-c5\">\n                    <!---->\n                    <!---->\n                    <h2 class=\"\">Nos especializamos en la construcci\u00f3n de casa empleando el modernos sistema de Drywall, Steel Framing y todo tipo de construcci\u00f3n.<\/h2>\n                  <\/div>\n                <\/div>\n              <\/div>\n            <\/div>\n          <\/div>\n          <div class=\"h-column h-column-container d-flex h-col-lg-auto h-col-md-auto h-col-auto style-200-outer style-local-11-c6-outer\">\n            <div data-colibri-id=\"11-c6\" class=\"d-flex h-flex-basis h-column__inner h-ui-empty-state-container h-px-lg-2 h-px-md-2 h-px-2 v-inner-lg-2 v-inner-md-2 v-inner-2 style-200 style-local-11-c6 position-relative\">\n              <!---->\n              <!---->\n              <div class=\"w-100 h-y-container h-column__content h-column__v-align flex-basis-100\">\n                <!---->\n              <\/div>\n            <\/div>\n          <\/div>\n        <\/div>\n      <\/div>\n    <\/div>\n  <\/div>\n  <div data-colibri-component=\"section\" data-colibri-id=\"11-c7\" id=\"about-2\" class=\"h-section h-section-global-spacing d-flex align-items-lg-center align-items-md-center align-items-center style-201 style-local-11-c7 position-relative\">\n    <!---->\n    <!---->\n    <div class=\"h-section-grid-container h-section-boxed-container\">\n      <!---->\n      <div data-colibri-id=\"11-c8\" class=\"h-row-container gutters-row-lg-2 gutters-row-md-2 gutters-row-2 gutters-row-v-lg-2 gutters-row-v-md-2 gutters-row-v-2 style-202 style-local-11-c8 position-relative\">\n        <!---->\n        <div class=\"h-row justify-content-lg-center justify-content-md-center justify-content-center align-items-lg-stretch align-items-md-stretch align-items-stretch gutters-col-lg-2 gutters-col-md-2 gutters-col-2 gutters-col-v-lg-2 gutters-col-v-md-2 gutters-col-v-2\">\n          <!---->\n          <div class=\"h-column h-column-container d-flex h-col-lg-auto h-col-md-auto h-col-auto style-203-outer style-local-11-c9-outer\">\n            <div data-colibri-id=\"11-c9\" class=\"d-flex h-flex-basis h-column__inner h-px-lg-2 h-px-md-2 h-px-2 v-inner-lg-2 v-inner-md-2 v-inner-2 style-203 style-local-11-c9 position-relative\">\n              <!---->\n              <!---->\n              <div class=\"w-100 h-y-container h-column__content h-column__v-align flex-basis-100 align-self-lg-center align-self-md-center align-self-center\">\n                <!---->\n                <div data-colibri-id=\"11-c10\" class=\"h-global-transition-all h-heading style-205 style-local-11-c10 position-relative h-element\">\n                  <!---->\n                  <div class=\"h-heading__outer style-205 style-local-11-c10\">\n                    <!---->\n                    <!---->\n                    <h3 class=\"\">\u00bfQui\u00e9nes somos?<\/h3>\n                  <\/div>\n                <\/div>\n                <div data-colibri-id=\"11-c11\" class=\"h-text h-text-component style-206 style-local-11-c11 position-relative h-element\">\n                  <!---->\n                  <!---->\n                  <div class=\"\">\n                    <p>Somos una empresa constructora joven, ubicada en la Provincia de Mendoza y trabajando desde el 2020, que ofrece proyectos \u00fanicos y a la medida de cada cliente.&nbsp;<\/p>\n                  <\/div>\n                <\/div>\n                <div data-colibri-id=\"11-c12\" class=\"h-x-container style-207 style-local-11-c12 position-relative h-element\">\n                  <!---->\n                  <div class=\"h-x-container-inner style-dynamic-11-c12-group style-207-spacing style-local-11-c12-spacing\"><span class=\"h-button__outer style-208-outer style-local-11-c13-outer d-inline-flex h-element\"><a h-use-smooth-scroll=\"true\" href=\"\"  data-colibri-id=\"11-c13\" class=\"d-flex w-100 align-items-center h-button justify-content-lg-center justify-content-md-center justify-content-center style-208 style-local-11-c13 position-relative\"><!----><!----> <span>VER M\u00c1S<\/span><\/a>\n                    <\/span>\n                  <\/div>\n                <\/div>\n              <\/div>\n            <\/div>\n          <\/div>\n          <div class=\"h-column h-column-container d-flex h-col-lg-auto h-col-md-auto h-col-auto style-209-outer style-local-11-c14-outer\">\n            <div data-colibri-id=\"11-c14\" class=\"d-flex h-flex-basis h-column__inner h-px-lg-2 h-px-md-2 h-px-2 v-inner-lg-2 v-inner-md-2 v-inner-2 style-209 style-local-11-c14 position-relative\">\n              <!---->\n              <!---->\n              <div class=\"w-100 h-y-container h-column__content h-column__v-align flex-basis-100 align-self-lg-center align-self-md-center align-self-center\">\n                <!---->\n                <div data-colibri-id=\"11-c15\" class=\"d-block style-210 style-local-11-c15 position-relative h-element\">\n                  <!---->\n                  <div class=\"h-image__frame-container-outer\">\n                    <div class=\"h-image__frame-container\">\n                      <!---->\n                      <!---->\n                      <img loading=\"lazy\" decoding=\"async\" width=\"1200\" height=\"1200\" src=\"http:\/\/mendoconstrugroup.com\/wp-content\/uploads\/2023\/07\/cropped-WhatsApp-Image-2023-07-13-at-13.47.37.jpeg\" class=\"wp-image-195 style-210-image style-local-11-c15-image\" alt=\"\" srcset=\"https:\/\/mendoconstrugroup.com\/wp-content\/uploads\/2023\/07\/cropped-WhatsApp-Image-2023-07-13-at-13.47.37.jpeg 1200w, https:\/\/mendoconstrugroup.com\/wp-content\/uploads\/2023\/07\/cropped-WhatsApp-Image-2023-07-13-at-13.47.37-300x300.jpeg 300w, https:\/\/mendoconstrugroup.com\/wp-content\/uploads\/2023\/07\/cropped-WhatsApp-Image-2023-07-13-at-13.47.37-1024x1024.jpeg 1024w, https:\/\/mendoconstrugroup.com\/wp-content\/uploads\/2023\/07\/cropped-WhatsApp-Image-2023-07-13-at-13.47.37-150x150.jpeg 150w, https:\/\/mendoconstrugroup.com\/wp-content\/uploads\/2023\/07\/cropped-WhatsApp-Image-2023-07-13-at-13.47.37-768x768.jpeg 768w\" sizes=\"auto, (max-width: 1200px) 100vw, 1200px\" \/>\n                      <div class=\"h-image__frame h-hide-sm style-210-frameImage style-local-11-c15-frameImage\"><\/div>\n                    <\/div>\n                  <\/div>\n                <\/div>\n              <\/div>\n            <\/div>\n          <\/div>\n        <\/div>\n      <\/div>\n    <\/div>\n  <\/div>\n  <div data-colibri-component=\"section\" data-colibri-id=\"11-c16\" id=\"content\" class=\"h-section h-section-global-spacing d-flex align-items-lg-center align-items-md-center align-items-center style-211 style-local-11-c16 position-relative\">\n    <!---->\n    <!---->\n    <div class=\"h-section-grid-container h-section-boxed-container\">\n      <!---->\n      <div data-colibri-id=\"11-c17\" class=\"h-row-container gutters-row-lg-2 gutters-row-md-2 gutters-row-2 gutters-row-v-lg-2 gutters-row-v-md-2 gutters-row-v-2 style-212 style-local-11-c17 position-relative\">\n        <!---->\n        <div class=\"h-row justify-content-lg-center justify-content-md-center justify-content-center align-items-lg-stretch align-items-md-stretch align-items-stretch gutters-col-lg-2 gutters-col-md-2 gutters-col-2 gutters-col-v-lg-2 gutters-col-v-md-2 gutters-col-v-2\">\n          <!---->\n          <div class=\"h-column h-column-container d-flex h-col-lg-auto h-col-md-auto h-col-auto style-213-outer style-local-11-c18-outer\">\n            <div data-colibri-id=\"11-c18\" class=\"d-flex h-flex-basis h-column__inner h-px-lg-0 h-px-md-2 h-px-0 v-inner-lg-0 v-inner-md-2 v-inner-0 style-213 style-local-11-c18 position-relative\">\n              <!---->\n              <!---->\n              <div class=\"w-100 h-y-container h-column__content h-column__v-align flex-basis-100 align-self-lg-center align-self-md-center align-self-center\">\n                <!---->\n                <div data-colibri-id=\"11-c19\" class=\"d-block style-214 style-local-11-c19 position-relative h-element\">\n                  <!---->\n                  <div class=\"h-image__frame-container-outer\">\n                    <div class=\"h-image__frame-container\">\n                      <!---->\n                      <!---->\n                      <img loading=\"lazy\" decoding=\"async\" width=\"1200\" height=\"1200\" src=\"http:\/\/mendoconstrugroup.com\/wp-content\/uploads\/2023\/07\/cropped-WhatsApp-Image-2023-07-13-at-13.47.40.jpeg\" class=\"wp-image-196 style-214-image style-local-11-c19-image\" alt=\"\" srcset=\"https:\/\/mendoconstrugroup.com\/wp-content\/uploads\/2023\/07\/cropped-WhatsApp-Image-2023-07-13-at-13.47.40.jpeg 1200w, https:\/\/mendoconstrugroup.com\/wp-content\/uploads\/2023\/07\/cropped-WhatsApp-Image-2023-07-13-at-13.47.40-300x300.jpeg 300w, https:\/\/mendoconstrugroup.com\/wp-content\/uploads\/2023\/07\/cropped-WhatsApp-Image-2023-07-13-at-13.47.40-1024x1024.jpeg 1024w, https:\/\/mendoconstrugroup.com\/wp-content\/uploads\/2023\/07\/cropped-WhatsApp-Image-2023-07-13-at-13.47.40-150x150.jpeg 150w, https:\/\/mendoconstrugroup.com\/wp-content\/uploads\/2023\/07\/cropped-WhatsApp-Image-2023-07-13-at-13.47.40-768x768.jpeg 768w\" sizes=\"auto, (max-width: 1200px) 100vw, 1200px\" \/>\n                      <div class=\"h-image__frame h-hide-sm style-214-frameImage style-local-11-c19-frameImage\"><\/div>\n                    <\/div>\n                  <\/div>\n                <\/div>\n              <\/div>\n            <\/div>\n          <\/div>\n          <div class=\"h-column h-column-container d-flex h-col-lg-auto h-col-md-auto h-col-auto style-215-outer style-local-11-c20-outer\">\n            <div data-colibri-id=\"11-c20\" class=\"d-flex h-flex-basis h-column__inner h-px-lg-0 h-px-md-0 h-px-2 v-inner-lg-0 v-inner-md-0 v-inner-2 style-215 style-local-11-c20 position-relative\">\n              <!---->\n              <!---->\n              <div class=\"w-100 h-y-container h-column__content h-column__v-align flex-basis-100 align-self-lg-center align-self-md-center align-self-center\">\n                <!---->\n                <div data-colibri-id=\"11-c21\" class=\"h-global-transition-all h-heading style-216 style-local-11-c21 position-relative h-element\">\n                  <!---->\n                  <div class=\"h-heading__outer style-216 style-local-11-c21\">\n                    <!---->\n                    <!---->\n                    <h3 class=\"\">Nuestro servicio<\/h3>\n                  <\/div>\n                <\/div>\n                <div data-colibri-id=\"11-c22\" class=\"h-text h-text-component style-217 style-local-11-c22 position-relative h-element\">\n                  <!---->\n                  <!---->\n                  <div class=\"\">\n                    <p>Brindamos un servicio integral de construcci\u00f3n y nos encargamos de todos los procesos para que puedas tener tu casa. Buscamos la mejor opci\u00f3n&nbsp;para vos<\/p>\n                  <\/div>\n                <\/div>\n                <div data-colibri-id=\"11-c23\" class=\"h-x-container style-218 style-local-11-c23 position-relative h-element\">\n                  <!---->\n                  <div class=\"h-x-container-inner style-dynamic-11-c23-group style-218-spacing style-local-11-c23-spacing\"><span class=\"h-button__outer style-219-outer style-local-11-c24-outer d-inline-flex h-element\"><a h-use-smooth-scroll=\"true\" href=\"\"  data-colibri-id=\"11-c24\" class=\"d-flex w-100 align-items-center h-button justify-content-lg-center justify-content-md-center justify-content-center style-219 style-local-11-c24 position-relative\"><!----><!----> <span>TIPO DE CASAS<\/span><\/a>\n                    <\/span>\n                  <\/div>\n                <\/div>\n              <\/div>\n            <\/div>\n          <\/div>\n        <\/div>\n      <\/div>\n    <\/div>\n  <\/div>\n  <div data-colibri-component=\"section\" data-colibri-id=\"11-c25\" id=\"content-2\" class=\"h-section h-section-global-spacing d-flex align-items-lg-center align-items-md-center align-items-center style-220 style-local-11-c25 position-relative\">\n    <!---->\n    <!---->\n    <div class=\"h-section-grid-container h-section-boxed-container\">\n      <div data-colibri-id=\"11-c29\" class=\"h-row-container gutters-row-lg-2 gutters-row-md-2 gutters-row-2 gutters-row-v-lg-2 gutters-row-v-md-2 gutters-row-v-2 style-224 style-local-11-c29 position-relative\">\n        <!---->\n        <div class=\"h-row justify-content-lg-center justify-content-md-center justify-content-center align-items-lg-stretch align-items-md-stretch align-items-stretch gutters-col-lg-2 gutters-col-md-2 gutters-col-2 gutters-col-v-lg-2 gutters-col-v-md-2 gutters-col-v-2\">\n          <!---->\n          <div class=\"h-column h-column-container d-flex h-col-lg-auto h-col-md-auto h-col-auto style-225-outer style-local-11-c30-outer\">\n            <div data-colibri-id=\"11-c30\" class=\"d-flex h-flex-basis h-column__inner h-px-lg-2 h-px-md-2 h-px-0 v-inner-lg-2 v-inner-md-2 v-inner-0 style-225 style-local-11-c30 position-relative\">\n              <!---->\n              <!---->\n              <div class=\"w-100 h-y-container h-column__content h-column__v-align flex-basis-100 align-self-lg-start align-self-md-start align-self-start\">\n                <!---->\n                <div data-colibri-id=\"11-c31\" class=\"h-global-transition-all h-heading style-226 style-local-11-c31 position-relative h-element\">\n                  <!---->\n                  <div class=\"h-heading__outer style-226 style-local-11-c31\">\n                    <!---->\n                    <!---->\n                    <h2 class=\"\">Soluciones<\/h2>\n                  <\/div>\n                <\/div>\n                <div data-colibri-id=\"11-c32\" class=\"h-lead h-text h-text-component style-227 style-local-11-c32 position-relative h-element\">\n                  <!---->\n                  <!---->\n                  <div class=\"\">\n                    <p>Cada nuevo proyecto es para nosotros un desaf\u00edo y ponemos en \u00e9l todo nuestro esfuerzo y conocimiento, respetando altos est\u00e1ndares de ejecuci\u00f3n a lo largo de todo el proyecto<\/p>\n                  <\/div>\n                <\/div>\n              <\/div>\n            <\/div>\n          <\/div>\n        <\/div>\n      <\/div>\n      <div data-colibri-id=\"11-c26\" class=\"h-row-container gutters-row-lg-2 gutters-row-md-2 gutters-row-2 gutters-row-v-lg-2 gutters-row-v-md-2 gutters-row-v-2 style-221 style-local-11-c26 position-relative\">\n        <!---->\n        <div class=\"h-row justify-content-lg-center justify-content-md-center justify-content-center align-items-lg-stretch align-items-md-stretch align-items-stretch gutters-col-lg-2 gutters-col-md-2 gutters-col-2 gutters-col-v-lg-2 gutters-col-v-md-2 gutters-col-v-2\">\n          <!---->\n          <div class=\"h-column h-column-container d-flex h-col-lg-auto h-col-md-auto h-col-auto style-222-outer style-local-11-c27-outer\">\n            <div data-colibri-id=\"11-c27\" class=\"d-flex h-flex-basis h-column__inner h-px-lg-0 h-px-md-0 h-px-0 v-inner-lg-0 v-inner-md-0 v-inner-0 style-222 style-local-11-c27 position-relative\">\n              <!---->\n              <!---->\n              <div class=\"w-100 h-y-container h-column__content h-column__v-align flex-basis-100 align-self-lg-start align-self-md-start align-self-start\">\n                <!---->\n                <div data-colibri-id=\"11-c28\" class=\"d-block style-223 style-local-11-c28 position-relative h-element\">\n                  <!---->\n                  <div class=\"h-image__frame-container-outer\">\n                    <div class=\"h-image__frame-container\">\n                      <!---->\n                      <!---->\n                      <img loading=\"lazy\" decoding=\"async\" width=\"639\" height=\"391\" src=\"http:\/\/mendoconstrugroup.com\/wp-content\/uploads\/2023\/07\/cropped-pexels-alex-green-5699418.jpg\" class=\"wp-image-198 style-223-image style-local-11-c28-image\" alt=\"\" srcset=\"https:\/\/mendoconstrugroup.com\/wp-content\/uploads\/2023\/07\/cropped-pexels-alex-green-5699418.jpg 639w, https:\/\/mendoconstrugroup.com\/wp-content\/uploads\/2023\/07\/cropped-pexels-alex-green-5699418-300x184.jpg 300w\" sizes=\"auto, (max-width: 639px) 100vw, 639px\" \/>\n                      <div class=\"h-image__frame style-223-frameImage style-local-11-c28-frameImage\"><\/div>\n                    <\/div>\n                  <\/div>\n                <\/div>\n              <\/div>\n            <\/div>\n          <\/div>\n        <\/div>\n      <\/div>\n    <\/div>\n  <\/div>\n<\/div>","protected":false},"excerpt":{"rendered":"<p>Nos especializamos en la construcci\u00f3n de casa empleando el modernos sistema de Drywall, Steel Framing y todo tipo de construcci\u00f3n. \u00bfQui\u00e9nes somos? Somos una empresa constructora joven, ubicada en la Provincia de Mendoza y trabajando desde el 2020, que ofrece proyectos \u00fanicos y a la medida de cada cliente.&nbsp; VER M\u00c1S Nuestro servicio Brindamos un [&hellip;]<\/p>\n","protected":false},"author":1,"featured_media":0,"parent":0,"menu_order":0,"comment_status":"closed","ping_status":"open","template":"page-templates\/full-width-page.php","meta":{"_joinchat":[],"footnotes":""},"class_list":["post-11","page","type-page","status-publish","hentry"],"yoast_head":"<!-- This site is optimized with the Yoast SEO plugin v21.0 - https:\/\/yoast.com\/wordpress\/plugins\/seo\/ -->\n<title>INICIO -<\/title>\n<meta name=\"robots\" content=\"index, follow, max-snippet:-1, max-image-preview:large, max-video-preview:-1\" \/>\n<link rel=\"canonical\" href=\"https:\/\/mendoconstrugroup.com\/\" \/>\n<meta property=\"og:locale\" content=\"en_US\" \/>\n<meta property=\"og:type\" content=\"article\" \/>\n<meta property=\"og:title\" content=\"INICIO -\" \/>\n<meta property=\"og:description\" content=\"Nos especializamos en la construcci\u00f3n de casa empleando el modernos sistema de Drywall, Steel Framing y todo tipo de construcci\u00f3n. \u00bfQui\u00e9nes somos? Somos una empresa constructora joven, ubicada en la Provincia de Mendoza y trabajando desde el 2020, que ofrece proyectos \u00fanicos y a la medida de cada cliente.&nbsp; VER M\u00c1S Nuestro servicio Brindamos un [&hellip;]\" \/>\n<meta property=\"og:url\" content=\"https:\/\/mendoconstrugroup.com\/\" \/>\n<meta property=\"article:publisher\" content=\"https:\/\/www.facebook.com\/profile.php?id=100094421250100\" \/>\n<meta property=\"article:modified_time\" content=\"2023-11-28T18:05:12+00:00\" \/>\n<meta property=\"og:image\" content=\"http:\/\/mendoconstrugroup.com\/wp-content\/uploads\/2023\/07\/cropped-WhatsApp-Image-2023-07-13-at-13.47.37.jpeg\" \/>\n<meta name=\"twitter:card\" content=\"summary_large_image\" \/>\n<meta name=\"twitter:label1\" content=\"Est. reading time\" \/>\n\t<meta name=\"twitter:data1\" content=\"3 minutes\" \/>\n<script type=\"application\/ld+json\" class=\"yoast-schema-graph\">{\"@context\":\"https:\/\/schema.org\",\"@graph\":[{\"@type\":\"WebPage\",\"@id\":\"https:\/\/mendoconstrugroup.com\/\",\"url\":\"https:\/\/mendoconstrugroup.com\/\",\"name\":\"INICIO -\",\"isPartOf\":{\"@id\":\"https:\/\/mendoconstrugroup.com\/#website\"},\"datePublished\":\"2023-07-26T04:24:26+00:00\",\"dateModified\":\"2023-11-28T18:05:12+00:00\",\"breadcrumb\":{\"@id\":\"https:\/\/mendoconstrugroup.com\/#breadcrumb\"},\"inLanguage\":\"en-US\",\"potentialAction\":[{\"@type\":\"ReadAction\",\"target\":[\"https:\/\/mendoconstrugroup.com\/\"]}]},{\"@type\":\"BreadcrumbList\",\"@id\":\"https:\/\/mendoconstrugroup.com\/#breadcrumb\",\"itemListElement\":[{\"@type\":\"ListItem\",\"position\":1,\"name\":\"Inicio\",\"item\":\"https:\/\/mendoconstrugroup.com\/\"},{\"@type\":\"ListItem\",\"position\":2,\"name\":\"INICIO\"}]},{\"@type\":\"WebSite\",\"@id\":\"https:\/\/mendoconstrugroup.com\/#website\",\"url\":\"https:\/\/mendoconstrugroup.com\/\",\"name\":\"Mendo Construgroup\",\"description\":\"\",\"publisher\":{\"@id\":\"https:\/\/mendoconstrugroup.com\/#organization\"},\"potentialAction\":[{\"@type\":\"SearchAction\",\"target\":{\"@type\":\"EntryPoint\",\"urlTemplate\":\"https:\/\/mendoconstrugroup.com\/?s={search_term_string}\"},\"query-input\":\"required name=search_term_string\"}],\"inLanguage\":\"en-US\"},{\"@type\":\"Organization\",\"@id\":\"https:\/\/mendoconstrugroup.com\/#organization\",\"name\":\"Mendo Construgroup\",\"url\":\"https:\/\/mendoconstrugroup.com\/\",\"logo\":{\"@type\":\"ImageObject\",\"inLanguage\":\"en-US\",\"@id\":\"https:\/\/mendoconstrugroup.com\/#\/schema\/logo\/image\/\",\"url\":\"https:\/\/mendoconstrugroup.com\/wp-content\/uploads\/2023\/08\/descarga.png\",\"contentUrl\":\"https:\/\/mendoconstrugroup.com\/wp-content\/uploads\/2023\/08\/descarga.png\",\"width\":298,\"height\":169,\"caption\":\"Mendo Construgroup\"},\"image\":{\"@id\":\"https:\/\/mendoconstrugroup.com\/#\/schema\/logo\/image\/\"},\"sameAs\":[\"https:\/\/www.facebook.com\/profile.php?id=100094421250100\"]}]}<\/script>\n<!-- \/ Yoast SEO plugin. -->","yoast_head_json":{"title":"INICIO -","robots":{"index":"index","follow":"follow","max-snippet":"max-snippet:-1","max-image-preview":"max-image-preview:large","max-video-preview":"max-video-preview:-1"},"canonical":"https:\/\/mendoconstrugroup.com\/","og_locale":"en_US","og_type":"article","og_title":"INICIO -","og_description":"Nos especializamos en la construcci\u00f3n de casa empleando el modernos sistema de Drywall, Steel Framing y todo tipo de construcci\u00f3n. \u00bfQui\u00e9nes somos? Somos una empresa constructora joven, ubicada en la Provincia de Mendoza y trabajando desde el 2020, que ofrece proyectos \u00fanicos y a la medida de cada cliente.&nbsp; VER M\u00c1S Nuestro servicio Brindamos un [&hellip;]","og_url":"https:\/\/mendoconstrugroup.com\/","article_publisher":"https:\/\/www.facebook.com\/profile.php?id=100094421250100","article_modified_time":"2023-11-28T18:05:12+00:00","og_image":[{"url":"http:\/\/mendoconstrugroup.com\/wp-content\/uploads\/2023\/07\/cropped-WhatsApp-Image-2023-07-13-at-13.47.37.jpeg"}],"twitter_card":"summary_large_image","twitter_misc":{"Est. reading time":"3 minutes"},"schema":{"@context":"https:\/\/schema.org","@graph":[{"@type":"WebPage","@id":"https:\/\/mendoconstrugroup.com\/","url":"https:\/\/mendoconstrugroup.com\/","name":"INICIO -","isPartOf":{"@id":"https:\/\/mendoconstrugroup.com\/#website"},"datePublished":"2023-07-26T04:24:26+00:00","dateModified":"2023-11-28T18:05:12+00:00","breadcrumb":{"@id":"https:\/\/mendoconstrugroup.com\/#breadcrumb"},"inLanguage":"en-US","potentialAction":[{"@type":"ReadAction","target":["https:\/\/mendoconstrugroup.com\/"]}]},{"@type":"BreadcrumbList","@id":"https:\/\/mendoconstrugroup.com\/#breadcrumb","itemListElement":[{"@type":"ListItem","position":1,"name":"Inicio","item":"https:\/\/mendoconstrugroup.com\/"},{"@type":"ListItem","position":2,"name":"INICIO"}]},{"@type":"WebSite","@id":"https:\/\/mendoconstrugroup.com\/#website","url":"https:\/\/mendoconstrugroup.com\/","name":"Mendo Construgroup","description":"","publisher":{"@id":"https:\/\/mendoconstrugroup.com\/#organization"},"potentialAction":[{"@type":"SearchAction","target":{"@type":"EntryPoint","urlTemplate":"https:\/\/mendoconstrugroup.com\/?s={search_term_string}"},"query-input":"required name=search_term_string"}],"inLanguage":"en-US"},{"@type":"Organization","@id":"https:\/\/mendoconstrugroup.com\/#organization","name":"Mendo Construgroup","url":"https:\/\/mendoconstrugroup.com\/","logo":{"@type":"ImageObject","inLanguage":"en-US","@id":"https:\/\/mendoconstrugroup.com\/#\/schema\/logo\/image\/","url":"https:\/\/mendoconstrugroup.com\/wp-content\/uploads\/2023\/08\/descarga.png","contentUrl":"https:\/\/mendoconstrugroup.com\/wp-content\/uploads\/2023\/08\/descarga.png","width":298,"height":169,"caption":"Mendo Construgroup"},"image":{"@id":"https:\/\/mendoconstrugroup.com\/#\/schema\/logo\/image\/"},"sameAs":["https:\/\/www.facebook.com\/profile.php?id=100094421250100"]}]}},"_links":{"self":[{"href":"https:\/\/mendoconstrugroup.com\/index.php\/wp-json\/wp\/v2\/pages\/11","targetHints":{"allow":["GET"]}}],"collection":[{"href":"https:\/\/mendoconstrugroup.com\/index.php\/wp-json\/wp\/v2\/pages"}],"about":[{"href":"https:\/\/mendoconstrugroup.com\/index.php\/wp-json\/wp\/v2\/types\/page"}],"author":[{"embeddable":true,"href":"https:\/\/mendoconstrugroup.com\/index.php\/wp-json\/wp\/v2\/users\/1"}],"replies":[{"embeddable":true,"href":"https:\/\/mendoconstrugroup.com\/index.php\/wp-json\/wp\/v2\/comments?post=11"}],"version-history":[{"count":20,"href":"https:\/\/mendoconstrugroup.com\/index.php\/wp-json\/wp\/v2\/pages\/11\/revisions"}],"predecessor-version":[{"id":872,"href":"https:\/\/mendoconstrugroup.com\/index.php\/wp-json\/wp\/v2\/pages\/11\/revisions\/872"}],"wp:attachment":[{"href":"https:\/\/mendoconstrugroup.com\/index.php\/wp-json\/wp\/v2\/media?parent=11"}],"curies":[{"name":"wp","href":"https:\/\/api.w.org\/{rel}","templated":true}]}}